{"id":86,"date":"2022-03-12T15:07:34","date_gmt":"2022-03-12T15:07:34","guid":{"rendered":"https:\/\/cantavanda.com\/malice-mizer\/?page_id=86"},"modified":"2026-04-11T21:38:01","modified_gmt":"2026-04-11T19:38:01","slug":"official-social-media","status":"publish","type":"page","link":"https:\/\/cantavanda.com\/malice-mizer\/links\/official-social-media\/","title":{"rendered":"Official Social Media"},"content":{"rendered":"<h3><a href=\"https:\/\/midi-nette.shop-pro.jp\/\">MALICE MIZER \/ Moi dix Mois Official Shop<\/a><\/h3>\n<h3><a href=\"http:\/\/www.moidixmois.net\/\">Moi dix Mois (Mana&#8217;s current band) Official Website<\/a><\/h3>\n<h3>K\u00f6zi&#8217;s Official Website &#8211; UPDATE: Appears to be permanently down&#8230;<\/h3>\n<h3>&#8212;-<\/h3>\n<h3><a href=\"https:\/\/www.youtube.com\/user\/MidiNetteMtM\">Mana \/ Midi:Nette&#8217;s Official YouTube Channel<\/a><\/h3>\n<h3><a href=\"https:\/\/www.youtube.com\/c\/Moim%C3%AAmeMoiti%C3%A9official\">Moi-m\u00eame-Moiti\u00e9&#8217;s (Mana&#8217;s brand) Official YouTube Channel<\/a><\/h3>\n<h3><a href=\"https:\/\/www.youtube.com\/channel\/UChVk3pNzH75B5Q-YaMWs8RQ\/videos\">ZIZ (K\u00f6zi&#8217;s current band) Official YouTube Channel<\/a><\/h3>\n<h3><a href=\"https:\/\/www.youtube.com\/user\/GACKTofficial\/videos\">Gackt&#8217;s Official YouTube Channel<\/a><\/h3>\n<h3>&#8212;-<\/h3>\n<h3><a href=\"https:\/\/twitter.com\/M_d_M_official\">Mana (Moi dix Mois) Official Twitter<\/a><\/h3>\n<h3><a href=\"https:\/\/twitter.com\/Kzi_official\">K\u00f6zi&#8217;s Official Twitter<\/a><\/h3>\n<h3><a href=\"https:\/\/twitter.com\/Mother_of_Life_\">Yu\uff5eki&#8217;s Official Twitter<\/a><\/h3>\n<h3><a href=\"https:\/\/twitter.com\/GACKT\">Gackt&#8217;s Official Twitter<\/a><\/h3>\n<h3>&#8212;-<\/h3>\n<h3><a href=\"https:\/\/www.instagram.com\/moimememoitie_official\/?hl=en\">Moi-m\u00eame-Moiti\u00e9&#8217;s (Mana&#8217;s brand) Official Instagram<\/a><\/h3>\n<h3><a href=\"https:\/\/www.wunderwelt.jp\/en\/collections\/moi-meme-moitie\">Moi-m\u00eame-Moiti\u00e9&#8217;s (Mana&#8217;s brand) Official Web Shop<\/a><\/h3>\n","protected":false},"excerpt":{"rendered":"<p>MALICE MIZER \/ Moi dix Mois Official Shop Moi dix Mois (Mana&#8217;s current band) Official Website K\u00f6zi&#8217;s Official Website &#8211; UPDATE: Appears to be permanently down&#8230; &#8212;- Mana \/ Midi:Nette&#8217;s Official YouTube Channel Moi-m\u00eame-Moiti\u00e9&#8217;s (Mana&#8217;s brand) Official YouTube Channel ZIZ (K\u00f6zi&#8217;s current band) Official YouTube Channel Gackt&#8217;s Official YouTube Channel &#8212;- Mana (Moi dix Mois) [&#8230;]\n","protected":false},"author":1,"featured_media":0,"parent":78,"menu_order":4,"comment_status":"closed","ping_status":"closed","template":"","meta":{"ngg_post_thumbnail":0,"footnotes":""},"class_list":["post-86","page","type-page","status-publish","hentry"],"acf":[],"yoast_head":"<!-- This site is optimized with the Yoast SEO plugin v25.2 - https:\/\/yoast.com\/wordpress\/plugins\/seo\/ -->\n<title>Official Social Media - MALICE MIZER<\/title>\n<meta name=\"robots\" content=\"index, follow, max-snippet:-1, max-image-preview:large, max-video-preview:-1\" \/>\n<link rel=\"canonical\" href=\"https:\/\/cantavanda.com\/malice-mizer\/links\/official-social-media\/\" \/>\n<meta property=\"og:locale\" content=\"en_GB\" \/>\n<meta property=\"og:type\" content=\"article\" \/>\n<meta property=\"og:title\" content=\"Official Social Media - MALICE MIZER\" \/>\n<meta property=\"og:description\" content=\"MALICE MIZER \/ Moi dix Mois Official Shop Moi dix Mois (Mana&#8217;s current band) Official Website K\u00f6zi&#8217;s Official Website &#8211; UPDATE: Appears to be permanently down&#8230; &#8212;- Mana \/ Midi:Nette&#8217;s Official YouTube Channel Moi-m\u00eame-Moiti\u00e9&#8217;s (Mana&#8217;s brand) Official YouTube Channel ZIZ (K\u00f6zi&#8217;s current band) Official YouTube Channel Gackt&#8217;s Official YouTube Channel &#8212;- Mana (Moi dix Mois) [...]\" \/>\n<meta property=\"og:url\" content=\"https:\/\/cantavanda.com\/malice-mizer\/links\/official-social-media\/\" \/>\n<meta property=\"og:site_name\" content=\"MALICE MIZER\" \/>\n<meta property=\"article:modified_time\" content=\"2026-04-11T19:38:01+00:00\" \/>\n<meta name=\"twitter:card\" content=\"summary_large_image\" \/>\n<script type=\"application\/ld+json\" class=\"yoast-schema-graph\">{\"@context\":\"https:\/\/schema.org\",\"@graph\":[{\"@type\":\"WebPage\",\"@id\":\"https:\/\/cantavanda.com\/malice-mizer\/links\/official-social-media\/\",\"url\":\"https:\/\/cantavanda.com\/malice-mizer\/links\/official-social-media\/\",\"name\":\"Official Social Media - MALICE MIZER\",\"isPartOf\":{\"@id\":\"https:\/\/cantavanda.com\/malice-mizer\/#website\"},\"datePublished\":\"2022-03-12T15:07:34+00:00\",\"dateModified\":\"2026-04-11T19:38:01+00:00\",\"breadcrumb\":{\"@id\":\"https:\/\/cantavanda.com\/malice-mizer\/links\/official-social-media\/#breadcrumb\"},\"inLanguage\":\"en-GB\",\"potentialAction\":[{\"@type\":\"ReadAction\",\"target\":[\"https:\/\/cantavanda.com\/malice-mizer\/links\/official-social-media\/\"]}]},{\"@type\":\"BreadcrumbList\",\"@id\":\"https:\/\/cantavanda.com\/malice-mizer\/links\/official-social-media\/#breadcrumb\",\"itemListElement\":[{\"@type\":\"ListItem\",\"position\":1,\"name\":\"Home\",\"item\":\"https:\/\/cantavanda.com\/malice-mizer\/\"},{\"@type\":\"ListItem\",\"position\":2,\"name\":\"Links\",\"item\":\"https:\/\/cantavanda.com\/malice-mizer\/links\/\"},{\"@type\":\"ListItem\",\"position\":3,\"name\":\"Official Social Media\"}]},{\"@type\":\"WebSite\",\"@id\":\"https:\/\/cantavanda.com\/malice-mizer\/#website\",\"url\":\"https:\/\/cantavanda.com\/malice-mizer\/\",\"name\":\"MALICE MIZER\",\"description\":\"MALICE MIZER Fansite &amp; Archive\",\"publisher\":{\"@id\":\"https:\/\/cantavanda.com\/malice-mizer\/#\/schema\/person\/1b48e3314ccdab395471154acd9c0479\"},\"potentialAction\":[{\"@type\":\"SearchAction\",\"target\":{\"@type\":\"EntryPoint\",\"urlTemplate\":\"https:\/\/cantavanda.com\/malice-mizer\/?s={search_term_string}\"},\"query-input\":{\"@type\":\"PropertyValueSpecification\",\"valueRequired\":true,\"valueName\":\"search_term_string\"}}],\"inLanguage\":\"en-GB\"},{\"@type\":[\"Person\",\"Organization\"],\"@id\":\"https:\/\/cantavanda.com\/malice-mizer\/#\/schema\/person\/1b48e3314ccdab395471154acd9c0479\",\"name\":\"Cantavanda\",\"image\":{\"@type\":\"ImageObject\",\"inLanguage\":\"en-GB\",\"@id\":\"https:\/\/cantavanda.com\/malice-mizer\/#\/schema\/person\/image\/\",\"url\":\"https:\/\/cantavanda.com\/malice-mizer\/wp-content\/uploads\/sites\/4\/2021\/11\/LogoSmall-2.png\",\"contentUrl\":\"https:\/\/cantavanda.com\/malice-mizer\/wp-content\/uploads\/sites\/4\/2021\/11\/LogoSmall-2.png\",\"width\":1004,\"height\":153,\"caption\":\"Cantavanda\"},\"logo\":{\"@id\":\"https:\/\/cantavanda.com\/malice-mizer\/#\/schema\/person\/image\/\"}}]}<\/script>\n<!-- \/ Yoast SEO plugin. -->","yoast_head_json":{"title":"Official Social Media - MALICE MIZER","robots":{"index":"index","follow":"follow","max-snippet":"max-snippet:-1","max-image-preview":"max-image-preview:large","max-video-preview":"max-video-preview:-1"},"canonical":"https:\/\/cantavanda.com\/malice-mizer\/links\/official-social-media\/","og_locale":"en_GB","og_type":"article","og_title":"Official Social Media - MALICE MIZER","og_description":"MALICE MIZER \/ Moi dix Mois Official Shop Moi dix Mois (Mana&#8217;s current band) Official Website K\u00f6zi&#8217;s Official Website &#8211; UPDATE: Appears to be permanently down&#8230; &#8212;- Mana \/ Midi:Nette&#8217;s Official YouTube Channel Moi-m\u00eame-Moiti\u00e9&#8217;s (Mana&#8217;s brand) Official YouTube Channel ZIZ (K\u00f6zi&#8217;s current band) Official YouTube Channel Gackt&#8217;s Official YouTube Channel &#8212;- Mana (Moi dix Mois) [...]","og_url":"https:\/\/cantavanda.com\/malice-mizer\/links\/official-social-media\/","og_site_name":"MALICE MIZER","article_modified_time":"2026-04-11T19:38:01+00:00","twitter_card":"summary_large_image","schema":{"@context":"https:\/\/schema.org","@graph":[{"@type":"WebPage","@id":"https:\/\/cantavanda.com\/malice-mizer\/links\/official-social-media\/","url":"https:\/\/cantavanda.com\/malice-mizer\/links\/official-social-media\/","name":"Official Social Media - MALICE MIZER","isPartOf":{"@id":"https:\/\/cantavanda.com\/malice-mizer\/#website"},"datePublished":"2022-03-12T15:07:34+00:00","dateModified":"2026-04-11T19:38:01+00:00","breadcrumb":{"@id":"https:\/\/cantavanda.com\/malice-mizer\/links\/official-social-media\/#breadcrumb"},"inLanguage":"en-GB","potentialAction":[{"@type":"ReadAction","target":["https:\/\/cantavanda.com\/malice-mizer\/links\/official-social-media\/"]}]},{"@type":"BreadcrumbList","@id":"https:\/\/cantavanda.com\/malice-mizer\/links\/official-social-media\/#breadcrumb","itemListElement":[{"@type":"ListItem","position":1,"name":"Home","item":"https:\/\/cantavanda.com\/malice-mizer\/"},{"@type":"ListItem","position":2,"name":"Links","item":"https:\/\/cantavanda.com\/malice-mizer\/links\/"},{"@type":"ListItem","position":3,"name":"Official Social Media"}]},{"@type":"WebSite","@id":"https:\/\/cantavanda.com\/malice-mizer\/#website","url":"https:\/\/cantavanda.com\/malice-mizer\/","name":"MALICE MIZER","description":"MALICE MIZER Fansite &amp; Archive","publisher":{"@id":"https:\/\/cantavanda.com\/malice-mizer\/#\/schema\/person\/1b48e3314ccdab395471154acd9c0479"},"potentialAction":[{"@type":"SearchAction","target":{"@type":"EntryPoint","urlTemplate":"https:\/\/cantavanda.com\/malice-mizer\/?s={search_term_string}"},"query-input":{"@type":"PropertyValueSpecification","valueRequired":true,"valueName":"search_term_string"}}],"inLanguage":"en-GB"},{"@type":["Person","Organization"],"@id":"https:\/\/cantavanda.com\/malice-mizer\/#\/schema\/person\/1b48e3314ccdab395471154acd9c0479","name":"Cantavanda","image":{"@type":"ImageObject","inLanguage":"en-GB","@id":"https:\/\/cantavanda.com\/malice-mizer\/#\/schema\/person\/image\/","url":"https:\/\/cantavanda.com\/malice-mizer\/wp-content\/uploads\/sites\/4\/2021\/11\/LogoSmall-2.png","contentUrl":"https:\/\/cantavanda.com\/malice-mizer\/wp-content\/uploads\/sites\/4\/2021\/11\/LogoSmall-2.png","width":1004,"height":153,"caption":"Cantavanda"},"logo":{"@id":"https:\/\/cantavanda.com\/malice-mizer\/#\/schema\/person\/image\/"}}]}},"_links":{"self":[{"href":"https:\/\/cantavanda.com\/malice-mizer\/wp-json\/wp\/v2\/pages\/86","targetHints":{"allow":["GET"]}}],"collection":[{"href":"https:\/\/cantavanda.com\/malice-mizer\/wp-json\/wp\/v2\/pages"}],"about":[{"href":"https:\/\/cantavanda.com\/malice-mizer\/wp-json\/wp\/v2\/types\/page"}],"author":[{"embeddable":true,"href":"https:\/\/cantavanda.com\/malice-mizer\/wp-json\/wp\/v2\/users\/1"}],"replies":[{"embeddable":true,"href":"https:\/\/cantavanda.com\/malice-mizer\/wp-json\/wp\/v2\/comments?post=86"}],"version-history":[{"count":2,"href":"https:\/\/cantavanda.com\/malice-mizer\/wp-json\/wp\/v2\/pages\/86\/revisions"}],"predecessor-version":[{"id":2204,"href":"https:\/\/cantavanda.com\/malice-mizer\/wp-json\/wp\/v2\/pages\/86\/revisions\/2204"}],"up":[{"embeddable":true,"href":"https:\/\/cantavanda.com\/malice-mizer\/wp-json\/wp\/v2\/pages\/78"}],"wp:attachment":[{"href":"https:\/\/cantavanda.com\/malice-mizer\/wp-json\/wp\/v2\/media?parent=86"}],"curies":[{"name":"wp","href":"https:\/\/api.w.org\/{rel}","templated":true}]}}