{"id":73,"date":"2024-08-17T02:58:42","date_gmt":"2024-08-17T01:58:42","guid":{"rendered":"https:\/\/cantavanda.com\/vfa\/?page_id=73"},"modified":"2024-08-18T12:24:06","modified_gmt":"2024-08-18T11:24:06","slug":"oxbxjxe","status":"publish","type":"page","link":"https:\/\/cantavanda.com\/vfa\/artists\/oxbxjxe\/","title":{"rendered":"o\u00d7b\u00d7j\u00d7e"},"content":{"rendered":"[two_third]<img loading=\"lazy\" decoding=\"async\" class=\"wp-image-74 aligncenter\" src=\"https:\/\/cantavanda.com\/vfa\/wp-content\/uploads\/sites\/7\/2024\/08\/oxbxjxe-Band-Logo-Slogan.jpg\" alt=\"\" width=\"441\" height=\"158\" srcset=\"https:\/\/cantavanda.com\/vfa\/wp-content\/uploads\/sites\/7\/2024\/08\/oxbxjxe-Band-Logo-Slogan.jpg 2094w, https:\/\/cantavanda.com\/vfa\/wp-content\/uploads\/sites\/7\/2024\/08\/oxbxjxe-Band-Logo-Slogan-300x107.jpg 300w, https:\/\/cantavanda.com\/vfa\/wp-content\/uploads\/sites\/7\/2024\/08\/oxbxjxe-Band-Logo-Slogan-1024x367.jpg 1024w, https:\/\/cantavanda.com\/vfa\/wp-content\/uploads\/sites\/7\/2024\/08\/oxbxjxe-Band-Logo-Slogan-768x275.jpg 768w, https:\/\/cantavanda.com\/vfa\/wp-content\/uploads\/sites\/7\/2024\/08\/oxbxjxe-Band-Logo-Slogan-1536x550.jpg 1536w, https:\/\/cantavanda.com\/vfa\/wp-content\/uploads\/sites\/7\/2024\/08\/oxbxjxe-Band-Logo-Slogan-2048x734.jpg 2048w, https:\/\/cantavanda.com\/vfa\/wp-content\/uploads\/sites\/7\/2024\/08\/oxbxjxe-Band-Logo-Slogan-110x39.jpg 110w, https:\/\/cantavanda.com\/vfa\/wp-content\/uploads\/sites\/7\/2024\/08\/oxbxjxe-Band-Logo-Slogan-420x150.jpg 420w, https:\/\/cantavanda.com\/vfa\/wp-content\/uploads\/sites\/7\/2024\/08\/oxbxjxe-Band-Logo-Slogan-770x276.jpg 770w\" sizes=\"auto, (max-width: 441px) 100vw, 441px\" \/><\/p>\n<h2 style=\"text-align: center;\">\u30fb\u30fb\u30fbBiography\u30fb\u30fb\u30fb<\/h2>\n<p style=\"text-align: center;\">o\u00d7b\u00d7j\u00d7e (\u30aa\u30d6\u30b8\u30a7) was a visual-kei band that probably formed in 1993, but also possibly 1992, and disbanded in 1995. They are remarkable for their very dark, atmospheric, desperate and moody rock-sound that can get very agressive when needed. Only three photographs of o\u00d7b\u00d7j\u00d7e are known to exist.<\/p>\n<p style=\"text-align: center;\">During their short period active, they released three demo tapes containing studio recordings, a few live demo tapes, and also appeared on a CD omnibus \/ various artist called &#8220;Image Sonic&#8221;, which released in 1994. Their last live was probably on the 13th of May, 1995, after which guitarist AI (\u54c0) and vocalist AKANE formed the band &#8220;C&#8217;est La vie&#8221; together, which was also short-lasted, existing just one year.<\/p>\n<p style=\"text-align: center;\">Vocalist AKANE became really popular with his band third band &#8220;BL\u00dcE&#8221;, which came after o\u00d7b\u00d7j\u00d7e and C&#8217;est La vie.<\/p>\n<p style=\"text-align: center;\">None of the members of o\u00d7b\u00d7j\u00d7e were known to be in bands before, and it is unknown what happened to the bassists and the dummer of o\u00d7b\u00d7j\u00d7e after they disbanded.<\/p>\n<p style=\"text-align: center;\">Even though they were never really that popular, never releasing any singles, EP&#8217;s or albums, they have always had a cult following that has remained strong over the years.<\/p>\n<p>&nbsp;<\/p>\n<h2 style=\"text-align: center;\">\u30fb\u30fb\u30fbMembers\u30fb\u30fb\u30fb<\/h2>\n<p style=\"text-align: center;\">Vocals: AKANE<br \/>\nGuitar: AI (\u54c0)<br \/>\nBass: SHIZURU (\u9759\u6d41)<br \/>\nDrums: TERAchan<\/p>\n<p style=\"text-align: center;\">Former bassist (only appears on one live tape!): \u7fd4<\/p>\n<p style=\"text-align: center;\">&nbsp;<\/p>\n[\/two_third][one_third_last]<img loading=\"lazy\" decoding=\"async\" class=\"wp-image-79 size-medium aligncenter\" src=\"https:\/\/cantavanda.com\/vfa\/wp-content\/uploads\/sites\/7\/2024\/08\/Band-Photo-1-192x300.jpg\" alt=\"\" width=\"192\" height=\"300\" srcset=\"https:\/\/cantavanda.com\/vfa\/wp-content\/uploads\/sites\/7\/2024\/08\/Band-Photo-1-192x300.jpg 192w, https:\/\/cantavanda.com\/vfa\/wp-content\/uploads\/sites\/7\/2024\/08\/Band-Photo-1-656x1024.jpg 656w, https:\/\/cantavanda.com\/vfa\/wp-content\/uploads\/sites\/7\/2024\/08\/Band-Photo-1-768x1200.jpg 768w, https:\/\/cantavanda.com\/vfa\/wp-content\/uploads\/sites\/7\/2024\/08\/Band-Photo-1-983x1536.jpg 983w, https:\/\/cantavanda.com\/vfa\/wp-content\/uploads\/sites\/7\/2024\/08\/Band-Photo-1-1311x2048.jpg 1311w, https:\/\/cantavanda.com\/vfa\/wp-content\/uploads\/sites\/7\/2024\/08\/Band-Photo-1-70x110.jpg 70w, https:\/\/cantavanda.com\/vfa\/wp-content\/uploads\/sites\/7\/2024\/08\/Band-Photo-1-269x420.jpg 269w, https:\/\/cantavanda.com\/vfa\/wp-content\/uploads\/sites\/7\/2024\/08\/Band-Photo-1-275x430.jpg 275w, https:\/\/cantavanda.com\/vfa\/wp-content\/uploads\/sites\/7\/2024\/08\/Band-Photo-1-scaled.jpg 1639w\" sizes=\"auto, (max-width: 192px) 100vw, 192px\" \/><\/p>\n<p style=\"text-align: center;\"><em>Scanned by Visual Flower Archive<\/em><\/p>\n<p><img loading=\"lazy\" decoding=\"async\" class=\"wp-image-80 size-medium aligncenter\" src=\"https:\/\/cantavanda.com\/vfa\/wp-content\/uploads\/sites\/7\/2024\/08\/Band-Photo-2-192x300.jpg\" alt=\"\" width=\"192\" height=\"300\" srcset=\"https:\/\/cantavanda.com\/vfa\/wp-content\/uploads\/sites\/7\/2024\/08\/Band-Photo-2-192x300.jpg 192w, https:\/\/cantavanda.com\/vfa\/wp-content\/uploads\/sites\/7\/2024\/08\/Band-Photo-2-656x1024.jpg 656w, https:\/\/cantavanda.com\/vfa\/wp-content\/uploads\/sites\/7\/2024\/08\/Band-Photo-2-768x1200.jpg 768w, https:\/\/cantavanda.com\/vfa\/wp-content\/uploads\/sites\/7\/2024\/08\/Band-Photo-2-983x1536.jpg 983w, https:\/\/cantavanda.com\/vfa\/wp-content\/uploads\/sites\/7\/2024\/08\/Band-Photo-2-1311x2048.jpg 1311w, https:\/\/cantavanda.com\/vfa\/wp-content\/uploads\/sites\/7\/2024\/08\/Band-Photo-2-70x110.jpg 70w, https:\/\/cantavanda.com\/vfa\/wp-content\/uploads\/sites\/7\/2024\/08\/Band-Photo-2-269x420.jpg 269w, https:\/\/cantavanda.com\/vfa\/wp-content\/uploads\/sites\/7\/2024\/08\/Band-Photo-2-275x430.jpg 275w, https:\/\/cantavanda.com\/vfa\/wp-content\/uploads\/sites\/7\/2024\/08\/Band-Photo-2-scaled.jpg 1639w\" sizes=\"auto, (max-width: 192px) 100vw, 192px\" \/><\/p>\n<p style=\"text-align: center;\"><em>Credit: HAUNTED HOUSE on X<\/em>[\/one_third_last]\n<h2 style=\"text-align: center;\">\u30fb\u30fb\u30fbDiscography\u30fb\u30fb\u30fb<\/h2>\n<p style=\"text-align: center;\">[table id=oxbxjxeDiscog \/]\n<p>&nbsp;<\/p>\n<h2 style=\"text-align: center;\">\u30fb\u30fb\u30fbScans\u30fb\u30fb\u30fb<\/h2>\nngg_shortcode_0_placeholder\n","protected":false},"excerpt":{"rendered":"[two_third] \u30fb\u30fb\u30fbBiography\u30fb\u30fb\u30fb o\u00d7b\u00d7j\u00d7e (\u30aa\u30d6\u30b8\u30a7) was a visual-kei band that probably formed in 1993, but also possibly 1992, and disbanded in 1995. They are remarkable for their very dark, atmospheric, desperate and moody rock-sound that can get very agressive when needed. Only three photographs of o\u00d7b\u00d7j\u00d7e are known to exist. During their short period active, they [&#8230;]\n","protected":false},"author":1,"featured_media":0,"parent":43,"menu_order":0,"comment_status":"closed","ping_status":"closed","template":"","meta":{"ngg_post_thumbnail":0,"footnotes":""},"class_list":["post-73","page","type-page","status-publish","hentry"],"acf":[],"yoast_head":"<!-- This site is optimized with the Yoast SEO plugin v25.2 - https:\/\/yoast.com\/wordpress\/plugins\/seo\/ -->\n<title>o\u00d7b\u00d7j\u00d7e - Visual Flower Archive<\/title>\n<meta name=\"robots\" content=\"index, follow, max-snippet:-1, max-image-preview:large, max-video-preview:-1\" \/>\n<link rel=\"canonical\" href=\"https:\/\/cantavanda.com\/vfa\/artists\/oxbxjxe\/\" \/>\n<meta property=\"og:locale\" content=\"en_GB\" \/>\n<meta property=\"og:type\" content=\"article\" \/>\n<meta property=\"og:title\" content=\"o\u00d7b\u00d7j\u00d7e - Visual Flower Archive\" \/>\n<meta property=\"og:description\" content=\"[two_third] \u30fb\u30fb\u30fbBiography\u30fb\u30fb\u30fb o\u00d7b\u00d7j\u00d7e (\u30aa\u30d6\u30b8\u30a7) was a visual-kei band that probably formed in 1993, but also possibly 1992, and disbanded in 1995. They are remarkable for their very dark, atmospheric, desperate and moody rock-sound that can get very agressive when needed. Only three photographs of o\u00d7b\u00d7j\u00d7e are known to exist. During their short period active, they [...]\" \/>\n<meta property=\"og:url\" content=\"https:\/\/cantavanda.com\/vfa\/artists\/oxbxjxe\/\" \/>\n<meta property=\"og:site_name\" content=\"Visual Flower Archive\" \/>\n<meta property=\"article:modified_time\" content=\"2024-08-18T11:24:06+00:00\" \/>\n<meta property=\"og:image\" content=\"https:\/\/cantavanda.com\/vfa\/wp-content\/uploads\/sites\/7\/2024\/08\/oxbxjxe-Band-Logo-Slogan.jpg\" \/>\n<meta name=\"twitter:card\" content=\"summary_large_image\" \/>\n<script type=\"application\/ld+json\" class=\"yoast-schema-graph\">{\"@context\":\"https:\/\/schema.org\",\"@graph\":[{\"@type\":\"WebPage\",\"@id\":\"https:\/\/cantavanda.com\/vfa\/artists\/oxbxjxe\/\",\"url\":\"https:\/\/cantavanda.com\/vfa\/artists\/oxbxjxe\/\",\"name\":\"o\u00d7b\u00d7j\u00d7e - Visual Flower Archive\",\"isPartOf\":{\"@id\":\"https:\/\/cantavanda.com\/vfa\/#website\"},\"primaryImageOfPage\":{\"@id\":\"https:\/\/cantavanda.com\/vfa\/artists\/oxbxjxe\/#primaryimage\"},\"image\":{\"@id\":\"https:\/\/cantavanda.com\/vfa\/artists\/oxbxjxe\/#primaryimage\"},\"thumbnailUrl\":\"https:\/\/cantavanda.com\/vfa\/wp-content\/uploads\/sites\/7\/2024\/08\/oxbxjxe-Band-Logo-Slogan.jpg\",\"datePublished\":\"2024-08-17T01:58:42+00:00\",\"dateModified\":\"2024-08-18T11:24:06+00:00\",\"breadcrumb\":{\"@id\":\"https:\/\/cantavanda.com\/vfa\/artists\/oxbxjxe\/#breadcrumb\"},\"inLanguage\":\"en-GB\",\"potentialAction\":[{\"@type\":\"ReadAction\",\"target\":[\"https:\/\/cantavanda.com\/vfa\/artists\/oxbxjxe\/\"]}]},{\"@type\":\"ImageObject\",\"inLanguage\":\"en-GB\",\"@id\":\"https:\/\/cantavanda.com\/vfa\/artists\/oxbxjxe\/#primaryimage\",\"url\":\"https:\/\/cantavanda.com\/vfa\/wp-content\/uploads\/sites\/7\/2024\/08\/oxbxjxe-Band-Logo-Slogan.jpg\",\"contentUrl\":\"https:\/\/cantavanda.com\/vfa\/wp-content\/uploads\/sites\/7\/2024\/08\/oxbxjxe-Band-Logo-Slogan.jpg\",\"width\":2094,\"height\":750},{\"@type\":\"BreadcrumbList\",\"@id\":\"https:\/\/cantavanda.com\/vfa\/artists\/oxbxjxe\/#breadcrumb\",\"itemListElement\":[{\"@type\":\"ListItem\",\"position\":1,\"name\":\"Home\",\"item\":\"https:\/\/cantavanda.com\/vfa\/\"},{\"@type\":\"ListItem\",\"position\":2,\"name\":\"Artists\",\"item\":\"https:\/\/cantavanda.com\/vfa\/artists\/\"},{\"@type\":\"ListItem\",\"position\":3,\"name\":\"o\u00d7b\u00d7j\u00d7e\"}]},{\"@type\":\"WebSite\",\"@id\":\"https:\/\/cantavanda.com\/vfa\/#website\",\"url\":\"https:\/\/cantavanda.com\/vfa\/\",\"name\":\"Visual Flower Archive\",\"description\":\"\",\"publisher\":{\"@id\":\"https:\/\/cantavanda.com\/vfa\/#organization\"},\"potentialAction\":[{\"@type\":\"SearchAction\",\"target\":{\"@type\":\"EntryPoint\",\"urlTemplate\":\"https:\/\/cantavanda.com\/vfa\/?s={search_term_string}\"},\"query-input\":{\"@type\":\"PropertyValueSpecification\",\"valueRequired\":true,\"valueName\":\"search_term_string\"}}],\"inLanguage\":\"en-GB\"},{\"@type\":\"Organization\",\"@id\":\"https:\/\/cantavanda.com\/vfa\/#organization\",\"name\":\"Visual Flower Archive\",\"url\":\"https:\/\/cantavanda.com\/vfa\/\",\"logo\":{\"@type\":\"ImageObject\",\"inLanguage\":\"en-GB\",\"@id\":\"https:\/\/cantavanda.com\/vfa\/#\/schema\/logo\/image\/\",\"url\":\"https:\/\/cantavanda.com\/vfa\/wp-content\/uploads\/sites\/7\/2025\/03\/cropped-VFA-LOGO-SMALL-1.png\",\"contentUrl\":\"https:\/\/cantavanda.com\/vfa\/wp-content\/uploads\/sites\/7\/2025\/03\/cropped-VFA-LOGO-SMALL-1.png\",\"width\":1084,\"height\":399,\"caption\":\"Visual Flower Archive\"},\"image\":{\"@id\":\"https:\/\/cantavanda.com\/vfa\/#\/schema\/logo\/image\/\"}}]}<\/script>\n<!-- \/ Yoast SEO plugin. -->","yoast_head_json":{"title":"o\u00d7b\u00d7j\u00d7e - Visual Flower Archive","robots":{"index":"index","follow":"follow","max-snippet":"max-snippet:-1","max-image-preview":"max-image-preview:large","max-video-preview":"max-video-preview:-1"},"canonical":"https:\/\/cantavanda.com\/vfa\/artists\/oxbxjxe\/","og_locale":"en_GB","og_type":"article","og_title":"o\u00d7b\u00d7j\u00d7e - Visual Flower Archive","og_description":"[two_third] \u30fb\u30fb\u30fbBiography\u30fb\u30fb\u30fb o\u00d7b\u00d7j\u00d7e (\u30aa\u30d6\u30b8\u30a7) was a visual-kei band that probably formed in 1993, but also possibly 1992, and disbanded in 1995. They are remarkable for their very dark, atmospheric, desperate and moody rock-sound that can get very agressive when needed. Only three photographs of o\u00d7b\u00d7j\u00d7e are known to exist. During their short period active, they [...]","og_url":"https:\/\/cantavanda.com\/vfa\/artists\/oxbxjxe\/","og_site_name":"Visual Flower Archive","article_modified_time":"2024-08-18T11:24:06+00:00","og_image":[{"url":"https:\/\/cantavanda.com\/vfa\/wp-content\/uploads\/sites\/7\/2024\/08\/oxbxjxe-Band-Logo-Slogan.jpg","type":"","width":"","height":""}],"twitter_card":"summary_large_image","schema":{"@context":"https:\/\/schema.org","@graph":[{"@type":"WebPage","@id":"https:\/\/cantavanda.com\/vfa\/artists\/oxbxjxe\/","url":"https:\/\/cantavanda.com\/vfa\/artists\/oxbxjxe\/","name":"o\u00d7b\u00d7j\u00d7e - Visual Flower Archive","isPartOf":{"@id":"https:\/\/cantavanda.com\/vfa\/#website"},"primaryImageOfPage":{"@id":"https:\/\/cantavanda.com\/vfa\/artists\/oxbxjxe\/#primaryimage"},"image":{"@id":"https:\/\/cantavanda.com\/vfa\/artists\/oxbxjxe\/#primaryimage"},"thumbnailUrl":"https:\/\/cantavanda.com\/vfa\/wp-content\/uploads\/sites\/7\/2024\/08\/oxbxjxe-Band-Logo-Slogan.jpg","datePublished":"2024-08-17T01:58:42+00:00","dateModified":"2024-08-18T11:24:06+00:00","breadcrumb":{"@id":"https:\/\/cantavanda.com\/vfa\/artists\/oxbxjxe\/#breadcrumb"},"inLanguage":"en-GB","potentialAction":[{"@type":"ReadAction","target":["https:\/\/cantavanda.com\/vfa\/artists\/oxbxjxe\/"]}]},{"@type":"ImageObject","inLanguage":"en-GB","@id":"https:\/\/cantavanda.com\/vfa\/artists\/oxbxjxe\/#primaryimage","url":"https:\/\/cantavanda.com\/vfa\/wp-content\/uploads\/sites\/7\/2024\/08\/oxbxjxe-Band-Logo-Slogan.jpg","contentUrl":"https:\/\/cantavanda.com\/vfa\/wp-content\/uploads\/sites\/7\/2024\/08\/oxbxjxe-Band-Logo-Slogan.jpg","width":2094,"height":750},{"@type":"BreadcrumbList","@id":"https:\/\/cantavanda.com\/vfa\/artists\/oxbxjxe\/#breadcrumb","itemListElement":[{"@type":"ListItem","position":1,"name":"Home","item":"https:\/\/cantavanda.com\/vfa\/"},{"@type":"ListItem","position":2,"name":"Artists","item":"https:\/\/cantavanda.com\/vfa\/artists\/"},{"@type":"ListItem","position":3,"name":"o\u00d7b\u00d7j\u00d7e"}]},{"@type":"WebSite","@id":"https:\/\/cantavanda.com\/vfa\/#website","url":"https:\/\/cantavanda.com\/vfa\/","name":"Visual Flower Archive","description":"","publisher":{"@id":"https:\/\/cantavanda.com\/vfa\/#organization"},"potentialAction":[{"@type":"SearchAction","target":{"@type":"EntryPoint","urlTemplate":"https:\/\/cantavanda.com\/vfa\/?s={search_term_string}"},"query-input":{"@type":"PropertyValueSpecification","valueRequired":true,"valueName":"search_term_string"}}],"inLanguage":"en-GB"},{"@type":"Organization","@id":"https:\/\/cantavanda.com\/vfa\/#organization","name":"Visual Flower Archive","url":"https:\/\/cantavanda.com\/vfa\/","logo":{"@type":"ImageObject","inLanguage":"en-GB","@id":"https:\/\/cantavanda.com\/vfa\/#\/schema\/logo\/image\/","url":"https:\/\/cantavanda.com\/vfa\/wp-content\/uploads\/sites\/7\/2025\/03\/cropped-VFA-LOGO-SMALL-1.png","contentUrl":"https:\/\/cantavanda.com\/vfa\/wp-content\/uploads\/sites\/7\/2025\/03\/cropped-VFA-LOGO-SMALL-1.png","width":1084,"height":399,"caption":"Visual Flower Archive"},"image":{"@id":"https:\/\/cantavanda.com\/vfa\/#\/schema\/logo\/image\/"}}]}},"_links":{"self":[{"href":"https:\/\/cantavanda.com\/vfa\/wp-json\/wp\/v2\/pages\/73","targetHints":{"allow":["GET"]}}],"collection":[{"href":"https:\/\/cantavanda.com\/vfa\/wp-json\/wp\/v2\/pages"}],"about":[{"href":"https:\/\/cantavanda.com\/vfa\/wp-json\/wp\/v2\/types\/page"}],"author":[{"embeddable":true,"href":"https:\/\/cantavanda.com\/vfa\/wp-json\/wp\/v2\/users\/1"}],"replies":[{"embeddable":true,"href":"https:\/\/cantavanda.com\/vfa\/wp-json\/wp\/v2\/comments?post=73"}],"version-history":[{"count":19,"href":"https:\/\/cantavanda.com\/vfa\/wp-json\/wp\/v2\/pages\/73\/revisions"}],"predecessor-version":[{"id":132,"href":"https:\/\/cantavanda.com\/vfa\/wp-json\/wp\/v2\/pages\/73\/revisions\/132"}],"up":[{"embeddable":true,"href":"https:\/\/cantavanda.com\/vfa\/wp-json\/wp\/v2\/pages\/43"}],"wp:attachment":[{"href":"https:\/\/cantavanda.com\/vfa\/wp-json\/wp\/v2\/media?parent=73"}],"curies":[{"name":"wp","href":"https:\/\/api.w.org\/{rel}","templated":true}]}}